{"id":557,"date":"2021-04-26T10:17:21","date_gmt":"2021-04-26T08:17:21","guid":{"rendered":"http:\/\/sandbergvvs.se\/?page_id=557"},"modified":"2021-04-28T10:51:12","modified_gmt":"2021-04-28T08:51:12","slug":"varmepumpar","status":"publish","type":"page","link":"https:\/\/sandbergvvs.se\/?page_id=557","title":{"rendered":"V\u00e4rmepumpar"},"content":{"rendered":"<div class=\"fusion-fullwidth fullwidth-box fusion-builder-row-1 fusion-flex-container nonhundred-percent-fullwidth non-hundred-percent-height-scrolling\" style=\"background-color: #ffffff;background-position: center center;background-repeat: no-repeat;border-width: 0px 0px 0px 0px;border-color:#eae9e9;border-style:solid;\" ><div class=\"fusion-builder-row fusion-row fusion-flex-align-items-flex-start\" style=\"max-width:1263.6px;margin-left: calc(-4% \/ 2 );margin-right: calc(-4% \/ 2 );\"><div class=\"fusion-layout-column fusion_builder_column fusion-builder-column-0 fusion_builder_column_1_1 1_1 fusion-flex-column\"><div class=\"fusion-column-wrapper fusion-flex-justify-content-flex-start fusion-content-layout-column\" style=\"background-position:left top;background-repeat:no-repeat;-webkit-background-size:cover;-moz-background-size:cover;-o-background-size:cover;background-size:cover;padding: 0px 0px 0px 0px;\"><div class=\"fusion-text fusion-text-1\" style=\"font-size:20px;\"><p style=\"text-align: center;\">Sandbergs VVS AB reparerar och installerar v\u00e4rmepumpar fr\u00e5n NIBE.<\/p>\n<p style=\"text-align: center;\">NIBE svensktillverkade v\u00e4rmepumpar och uppv\u00e4rmningssystem. Produkterna har h\u00f6g kvalitet och gener\u00f6sa garantier.<\/p>\n<p style=\"text-align: center;\">Kontakta oss s\u00e5 ger vi dig tips och r\u00e5dgivning vilken v\u00e4rmepump som passar er uppv\u00e4rmning<\/p>\n<p style=\"text-align: center;\">Andreas 076-3461500<\/p>\n<\/div><div style=\"text-align:center;\"><span class=\" fusion-imageframe imageframe-none imageframe-1 hover-type-none\"><img decoding=\"async\" width=\"300\" height=\"300\" title=\"nibe\" src=\"https:\/\/sandbergvvs.se\/wp-content\/uploads\/2021\/04\/nibe.png\" data-orig-src=\"http:\/\/sandbergvvs.se\/wp-content\/uploads\/2021\/04\/nibe-300x300.png\" class=\"lazyload img-responsive wp-image-551\" srcset=\"data:image\/svg+xml,%3Csvg%20xmlns%3D%27http%3A%2F%2Fwww.w3.org%2F2000%2Fsvg%27%20width%3D%27400%27%20height%3D%27400%27%20viewBox%3D%270%200%20400%20400%27%3E%3Crect%20width%3D%27400%27%20height%3D%27400%27%20fill-opacity%3D%220%22%2F%3E%3C%2Fsvg%3E\" data-srcset=\"https:\/\/sandbergvvs.se\/wp-content\/uploads\/2021\/04\/nibe-200x200.png 200w, https:\/\/sandbergvvs.se\/wp-content\/uploads\/2021\/04\/nibe.png 400w\" data-sizes=\"auto\" data-orig-sizes=\"(max-width: 1100px) 100vw, (max-width: 640px) 100vw, 300px\" \/><\/span><\/div><\/div><style type=\"text\/css\">.fusion-body .fusion-builder-column-0{width:100% !important;margin-top : 0px;margin-bottom : 20px;}.fusion-builder-column-0 > .fusion-column-wrapper {padding-top : 0px !important;padding-right : 0px !important;margin-right : 1.92%;padding-bottom : 0px !important;padding-left : 0px !important;margin-left : 1.92%;}@media only screen and (max-width:1100px) {.fusion-body .fusion-builder-column-0{width:100% !important;order : 0;}.fusion-builder-column-0 > .fusion-column-wrapper {margin-right : 1.92%;margin-left : 1.92%;}}@media only screen and (max-width:640px) {.fusion-body .fusion-builder-column-0{width:100% !important;order : 0;}.fusion-builder-column-0 > .fusion-column-wrapper {margin-right : 1.92%;margin-left : 1.92%;}}<\/style><\/div><\/div><style type=\"text\/css\">.fusion-body .fusion-flex-container.fusion-builder-row-1{ padding-top : 80px;margin-top : -100px;padding-right : 10px;padding-bottom : 80px;margin-bottom : 0px;padding-left : 10px;}<\/style><\/div>\n","protected":false},"excerpt":{"rendered":"","protected":false},"author":1,"featured_media":0,"parent":0,"menu_order":0,"comment_status":"closed","ping_status":"closed","template":"","meta":{"footnotes":""},"class_list":["post-557","page","type-page","status-publish","hentry"],"yoast_head":"<!-- This site is optimized with the Yoast SEO plugin v24.8.1 - https:\/\/yoast.com\/wordpress\/plugins\/seo\/ -->\n<title>V\u00e4rmepumpar - Sandberg VVS AB<\/title>\n<meta name=\"robots\" content=\"index, follow, max-snippet:-1, max-image-preview:large, max-video-preview:-1\" \/>\n<link rel=\"canonical\" href=\"https:\/\/sandbergvvs.se\/?page_id=557\" \/>\n<meta property=\"og:locale\" content=\"sv_SE\" \/>\n<meta property=\"og:type\" content=\"article\" \/>\n<meta property=\"og:title\" content=\"V\u00e4rmepumpar - Sandberg VVS AB\" \/>\n<meta property=\"og:url\" content=\"https:\/\/sandbergvvs.se\/?page_id=557\" \/>\n<meta property=\"og:site_name\" content=\"Sandberg VVS AB\" \/>\n<meta property=\"article:modified_time\" content=\"2021-04-28T08:51:12+00:00\" \/>\n<meta name=\"twitter:card\" content=\"summary_large_image\" \/>\n<meta name=\"twitter:label1\" content=\"Ber\u00e4knad l\u00e4stid\" \/>\n\t<meta name=\"twitter:data1\" content=\"4 minuter\" \/>\n<script type=\"application\/ld+json\" class=\"yoast-schema-graph\">{\"@context\":\"https:\/\/schema.org\",\"@graph\":[{\"@type\":\"WebPage\",\"@id\":\"https:\/\/sandbergvvs.se\/?page_id=557\",\"url\":\"https:\/\/sandbergvvs.se\/?page_id=557\",\"name\":\"V\u00e4rmepumpar - Sandberg VVS AB\",\"isPartOf\":{\"@id\":\"https:\/\/sandbergvvs.se\/#website\"},\"datePublished\":\"2021-04-26T08:17:21+00:00\",\"dateModified\":\"2021-04-28T08:51:12+00:00\",\"breadcrumb\":{\"@id\":\"https:\/\/sandbergvvs.se\/?page_id=557#breadcrumb\"},\"inLanguage\":\"sv-SE\",\"potentialAction\":[{\"@type\":\"ReadAction\",\"target\":[\"https:\/\/sandbergvvs.se\/?page_id=557\"]}]},{\"@type\":\"BreadcrumbList\",\"@id\":\"https:\/\/sandbergvvs.se\/?page_id=557#breadcrumb\",\"itemListElement\":[{\"@type\":\"ListItem\",\"position\":1,\"name\":\"Hem\",\"item\":\"https:\/\/sandbergvvs.se\/\"},{\"@type\":\"ListItem\",\"position\":2,\"name\":\"V\u00e4rmepumpar\"}]},{\"@type\":\"WebSite\",\"@id\":\"https:\/\/sandbergvvs.se\/#website\",\"url\":\"https:\/\/sandbergvvs.se\/\",\"name\":\"Sandberg VVS AB\",\"description\":\"Allt inom VVS och v\u00e4rmepumpar\",\"potentialAction\":[{\"@type\":\"SearchAction\",\"target\":{\"@type\":\"EntryPoint\",\"urlTemplate\":\"https:\/\/sandbergvvs.se\/?s={search_term_string}\"},\"query-input\":{\"@type\":\"PropertyValueSpecification\",\"valueRequired\":true,\"valueName\":\"search_term_string\"}}],\"inLanguage\":\"sv-SE\"}]}<\/script>\n<!-- \/ Yoast SEO plugin. -->","yoast_head_json":{"title":"V\u00e4rmepumpar - Sandberg VVS AB","robots":{"index":"index","follow":"follow","max-snippet":"max-snippet:-1","max-image-preview":"max-image-preview:large","max-video-preview":"max-video-preview:-1"},"canonical":"https:\/\/sandbergvvs.se\/?page_id=557","og_locale":"sv_SE","og_type":"article","og_title":"V\u00e4rmepumpar - Sandberg VVS AB","og_url":"https:\/\/sandbergvvs.se\/?page_id=557","og_site_name":"Sandberg VVS AB","article_modified_time":"2021-04-28T08:51:12+00:00","twitter_card":"summary_large_image","twitter_misc":{"Ber\u00e4knad l\u00e4stid":"4 minuter"},"schema":{"@context":"https:\/\/schema.org","@graph":[{"@type":"WebPage","@id":"https:\/\/sandbergvvs.se\/?page_id=557","url":"https:\/\/sandbergvvs.se\/?page_id=557","name":"V\u00e4rmepumpar - Sandberg VVS AB","isPartOf":{"@id":"https:\/\/sandbergvvs.se\/#website"},"datePublished":"2021-04-26T08:17:21+00:00","dateModified":"2021-04-28T08:51:12+00:00","breadcrumb":{"@id":"https:\/\/sandbergvvs.se\/?page_id=557#breadcrumb"},"inLanguage":"sv-SE","potentialAction":[{"@type":"ReadAction","target":["https:\/\/sandbergvvs.se\/?page_id=557"]}]},{"@type":"BreadcrumbList","@id":"https:\/\/sandbergvvs.se\/?page_id=557#breadcrumb","itemListElement":[{"@type":"ListItem","position":1,"name":"Hem","item":"https:\/\/sandbergvvs.se\/"},{"@type":"ListItem","position":2,"name":"V\u00e4rmepumpar"}]},{"@type":"WebSite","@id":"https:\/\/sandbergvvs.se\/#website","url":"https:\/\/sandbergvvs.se\/","name":"Sandberg VVS AB","description":"Allt inom VVS och v\u00e4rmepumpar","potentialAction":[{"@type":"SearchAction","target":{"@type":"EntryPoint","urlTemplate":"https:\/\/sandbergvvs.se\/?s={search_term_string}"},"query-input":{"@type":"PropertyValueSpecification","valueRequired":true,"valueName":"search_term_string"}}],"inLanguage":"sv-SE"}]}},"_links":{"self":[{"href":"https:\/\/sandbergvvs.se\/index.php?rest_route=\/wp\/v2\/pages\/557","targetHints":{"allow":["GET"]}}],"collection":[{"href":"https:\/\/sandbergvvs.se\/index.php?rest_route=\/wp\/v2\/pages"}],"about":[{"href":"https:\/\/sandbergvvs.se\/index.php?rest_route=\/wp\/v2\/types\/page"}],"author":[{"embeddable":true,"href":"https:\/\/sandbergvvs.se\/index.php?rest_route=\/wp\/v2\/users\/1"}],"replies":[{"embeddable":true,"href":"https:\/\/sandbergvvs.se\/index.php?rest_route=%2Fwp%2Fv2%2Fcomments&post=557"}],"version-history":[{"count":22,"href":"https:\/\/sandbergvvs.se\/index.php?rest_route=\/wp\/v2\/pages\/557\/revisions"}],"predecessor-version":[{"id":727,"href":"https:\/\/sandbergvvs.se\/index.php?rest_route=\/wp\/v2\/pages\/557\/revisions\/727"}],"wp:attachment":[{"href":"https:\/\/sandbergvvs.se\/index.php?rest_route=%2Fwp%2Fv2%2Fmedia&parent=557"}],"curies":[{"name":"wp","href":"https:\/\/api.w.org\/{rel}","templated":true}]}}